{"id":2799,"date":"2024-07-17T08:34:55","date_gmt":"2024-07-17T08:34:55","guid":{"rendered":"https:\/\/reinadetarot.cl\/?post_type=product&#038;p=2799"},"modified":"2024-12-08T15:38:28","modified_gmt":"2024-12-08T15:38:28","slug":"agua-florida","status":"publish","type":"product","link":"https:\/\/reinadetarot.cl\/index.php\/product\/agua-florida\/","title":{"rendered":"Agua Florida"},"content":{"rendered":"<p>Marca: Murray y Lanman.<br \/>\nCantidad: 270 ml<\/p>\n<p>El agua florida es una colonia con un aroma relajante para el cuerpo, mente y esp\u00edritu, este perfume de aroma agradable est\u00e1 elaborado a base de \u00e1mbar,almizcle y benjui, es un instrumento infaltable de los curativos andinos.<\/p>\n<p>&nbsp;<\/p>\n","protected":false},"excerpt":{"rendered":"<p>Marca: Murray y Lanman. Cantidad: 270 ml El agua florida es una colonia con un aroma relajante para el cuerpo, mente y esp\u00edritu, este perfume de aroma agradable est\u00e1 elaborado a base de \u00e1mbar,almizcle y benjui, es un instrumento infaltable de los curativos andinos. &nbsp;<\/p>\n","protected":false},"featured_media":2804,"comment_status":"open","ping_status":"closed","template":"","meta":{"_monsterinsights_skip_tracking":false,"_monsterinsights_sitenote_active":false,"_monsterinsights_sitenote_note":"","_monsterinsights_sitenote_category":0},"product_cat":[50,49],"product_tag":[51,53,55,54,52,56],"aioseo_notices":[],"_links":{"self":[{"href":"https:\/\/reinadetarot.cl\/index.php\/wp-json\/wp\/v2\/product\/2799"}],"collection":[{"href":"https:\/\/reinadetarot.cl\/index.php\/wp-json\/wp\/v2\/product"}],"about":[{"href":"https:\/\/reinadetarot.cl\/index.php\/wp-json\/wp\/v2\/types\/product"}],"replies":[{"embeddable":true,"href":"https:\/\/reinadetarot.cl\/index.php\/wp-json\/wp\/v2\/comments?post=2799"}],"wp:featuredmedia":[{"embeddable":true,"href":"https:\/\/reinadetarot.cl\/index.php\/wp-json\/wp\/v2\/media\/2804"}],"wp:attachment":[{"href":"https:\/\/reinadetarot.cl\/index.php\/wp-json\/wp\/v2\/media?parent=2799"}],"wp:term":[{"taxonomy":"product_cat","embeddable":true,"href":"https:\/\/reinadetarot.cl\/index.php\/wp-json\/wp\/v2\/product_cat?post=2799"},{"taxonomy":"product_tag","embeddable":true,"href":"https:\/\/reinadetarot.cl\/index.php\/wp-json\/wp\/v2\/product_tag?post=2799"}],"curies":[{"name":"wp","href":"https:\/\/api.w.org\/{rel}","templated":true}]}}