{"id":2818,"date":"2024-07-17T09:03:41","date_gmt":"2024-07-17T09:03:41","guid":{"rendered":"https:\/\/reinadetarot.cl\/?post_type=product&#038;p=2818"},"modified":"2024-12-08T15:35:28","modified_gmt":"2024-12-08T15:35:28","slug":"colonia-de-lavanda-cest-si-bon","status":"publish","type":"product","link":"https:\/\/reinadetarot.cl\/index.php\/product\/colonia-de-lavanda-cest-si-bon\/","title":{"rendered":"Colonia de Lavanda"},"content":{"rendered":"<p>Marca: Murray y Lanman<br \/>\nCantidad: 270 ml<\/p>\n<p>Descubre la cautivadora Colonia de Lavanda C&#8217;est Si Bon, una fragancia que te envolver\u00e1 en un aura de sanaci\u00f3n espiritual y armon\u00eda. Con su aroma suave y reconfortante, esta colonia es mucho m\u00e1s que un perfume, es un poderoso aliado en tu camino hacia el bienestar y la superaci\u00f3n personal.<\/p>\n","protected":false},"excerpt":{"rendered":"<p>Marca: Murray y Lanman<br \/>\nCantidad: 270 ml<\/p>\n","protected":false},"featured_media":2805,"comment_status":"open","ping_status":"closed","template":"","meta":{"_monsterinsights_skip_tracking":false,"_monsterinsights_sitenote_active":false,"_monsterinsights_sitenote_note":"","_monsterinsights_sitenote_category":0},"product_cat":[57,50,49],"product_tag":[62,61,59,60,63,58,80,79],"aioseo_notices":[],"_links":{"self":[{"href":"https:\/\/reinadetarot.cl\/index.php\/wp-json\/wp\/v2\/product\/2818"}],"collection":[{"href":"https:\/\/reinadetarot.cl\/index.php\/wp-json\/wp\/v2\/product"}],"about":[{"href":"https:\/\/reinadetarot.cl\/index.php\/wp-json\/wp\/v2\/types\/product"}],"replies":[{"embeddable":true,"href":"https:\/\/reinadetarot.cl\/index.php\/wp-json\/wp\/v2\/comments?post=2818"}],"wp:featuredmedia":[{"embeddable":true,"href":"https:\/\/reinadetarot.cl\/index.php\/wp-json\/wp\/v2\/media\/2805"}],"wp:attachment":[{"href":"https:\/\/reinadetarot.cl\/index.php\/wp-json\/wp\/v2\/media?parent=2818"}],"wp:term":[{"taxonomy":"product_cat","embeddable":true,"href":"https:\/\/reinadetarot.cl\/index.php\/wp-json\/wp\/v2\/product_cat?post=2818"},{"taxonomy":"product_tag","embeddable":true,"href":"https:\/\/reinadetarot.cl\/index.php\/wp-json\/wp\/v2\/product_tag?post=2818"}],"curies":[{"name":"wp","href":"https:\/\/api.w.org\/{rel}","templated":true}]}}