{"id":2819,"date":"2024-07-17T09:06:56","date_gmt":"2024-07-17T09:06:56","guid":{"rendered":"https:\/\/reinadetarot.cl\/?post_type=product&#038;p=2819"},"modified":"2025-05-24T04:23:58","modified_gmt":"2025-05-24T04:23:58","slug":"colonia-de-ruda","status":"publish","type":"product","link":"https:\/\/reinadetarot.cl\/index.php\/product\/colonia-de-ruda\/","title":{"rendered":"Colonia de Ruda"},"content":{"rendered":"<p>Marca: Murray y Lanman<br \/>\nCantidad: 270 ml<\/p>\n<p>Las propiedades m\u00e1gicas de la ruda te ayuda a protegerte contra hechizos, maldiciones y envidias, logra neutralizar la negatividad y absorbe con facilidad las malas vibraciones que est\u00e1n a nuestro alrededor. Utiliza tu colonia de Ruda cuando sientas que tu energ\u00eda, est\u00e1 siendo atacada.<\/p>\n","protected":false},"excerpt":{"rendered":"<p>Marca: Murray y Lanman<br \/>\nCantidad: 270 ml<\/p>\n<p>&nbsp;<\/p>\n","protected":false},"featured_media":2806,"comment_status":"open","ping_status":"closed","template":"","meta":{"_monsterinsights_skip_tracking":false,"_monsterinsights_sitenote_active":false,"_monsterinsights_sitenote_note":"","_monsterinsights_sitenote_category":0},"product_cat":[57,50,49],"product_tag":[62,61,59,60,63,58,80,79],"aioseo_notices":[],"_links":{"self":[{"href":"https:\/\/reinadetarot.cl\/index.php\/wp-json\/wp\/v2\/product\/2819"}],"collection":[{"href":"https:\/\/reinadetarot.cl\/index.php\/wp-json\/wp\/v2\/product"}],"about":[{"href":"https:\/\/reinadetarot.cl\/index.php\/wp-json\/wp\/v2\/types\/product"}],"replies":[{"embeddable":true,"href":"https:\/\/reinadetarot.cl\/index.php\/wp-json\/wp\/v2\/comments?post=2819"}],"wp:featuredmedia":[{"embeddable":true,"href":"https:\/\/reinadetarot.cl\/index.php\/wp-json\/wp\/v2\/media\/2806"}],"wp:attachment":[{"href":"https:\/\/reinadetarot.cl\/index.php\/wp-json\/wp\/v2\/media?parent=2819"}],"wp:term":[{"taxonomy":"product_cat","embeddable":true,"href":"https:\/\/reinadetarot.cl\/index.php\/wp-json\/wp\/v2\/product_cat?post=2819"},{"taxonomy":"product_tag","embeddable":true,"href":"https:\/\/reinadetarot.cl\/index.php\/wp-json\/wp\/v2\/product_tag?post=2819"}],"curies":[{"name":"wp","href":"https:\/\/api.w.org\/{rel}","templated":true}]}}