{"id":3093,"date":"2024-08-06T18:20:18","date_gmt":"2024-08-06T18:20:18","guid":{"rendered":"https:\/\/reinadetarot.cl\/?post_type=product&#038;p=3093"},"modified":"2025-06-05T18:22:59","modified_gmt":"2025-06-05T18:22:59","slug":"pulsera-ojo-turco-plata","status":"publish","type":"product","link":"https:\/\/reinadetarot.cl\/index.php\/product\/pulsera-ojo-turco-plata\/","title":{"rendered":"Pulsera ojo turco plata"},"content":{"rendered":"<p data-start=\"246\" data-end=\"508\">Esta pulsera est\u00e1 dise\u00f1ada para ser mucho m\u00e1s que un accesorio<\/p>\n<p data-start=\"246\" data-end=\"508\"><br data-start=\"343\" data-end=\"346\" \/>\ud83c\udf19 <strong data-start=\"349\" data-end=\"375\">Activa la buena suerte<\/strong><br data-start=\"375\" data-end=\"378\" \/>\ud83e\uddff <strong data-start=\"381\" data-end=\"437\">Te protege del mal de ojo, envidia y energ\u00edas densas<\/strong><br data-start=\"437\" data-end=\"440\" \/>\ud83d\udcab <strong data-start=\"443\" data-end=\"508\">Intencionada con magia lunar para cuidar tu energ\u00eda d\u00eda a d\u00eda<\/strong><\/p>\n<p data-start=\"510\" data-end=\"711\"><strong data-start=\"510\" data-end=\"524\">Simbolismo<\/strong>: El ojo turco es un poderoso amuleto ancestral usado para repeler miradas envidiosas y vibras negativas. Esta versi\u00f3n en tonos plata y chakras combina elegancia con intenci\u00f3n espiritual.<\/p>\n<p data-start=\"713\" data-end=\"850\">\u2705 Ideal para usar todos los d\u00edas<br data-start=\"745\" data-end=\"748\" \/>\u2705 Bendecida e intencionada antes de llegar a tus manos<br data-start=\"802\" data-end=\"805\" \/>\u2705 Apta para regalo o autocuidado energ\u00e9tico<\/p>\n","protected":false},"excerpt":{"rendered":"<p>Pulsera ojo turco plata para la \u00a0protecci\u00f3n del mal de ojo y envidia.<\/p>\n","protected":false},"featured_media":3094,"comment_status":"open","ping_status":"closed","template":"","meta":{"_monsterinsights_skip_tracking":false,"_monsterinsights_sitenote_active":false,"_monsterinsights_sitenote_note":"","_monsterinsights_sitenote_category":0},"product_cat":[91],"product_tag":[66,69,70,79],"aioseo_notices":[],"_links":{"self":[{"href":"https:\/\/reinadetarot.cl\/index.php\/wp-json\/wp\/v2\/product\/3093"}],"collection":[{"href":"https:\/\/reinadetarot.cl\/index.php\/wp-json\/wp\/v2\/product"}],"about":[{"href":"https:\/\/reinadetarot.cl\/index.php\/wp-json\/wp\/v2\/types\/product"}],"replies":[{"embeddable":true,"href":"https:\/\/reinadetarot.cl\/index.php\/wp-json\/wp\/v2\/comments?post=3093"}],"wp:featuredmedia":[{"embeddable":true,"href":"https:\/\/reinadetarot.cl\/index.php\/wp-json\/wp\/v2\/media\/3094"}],"wp:attachment":[{"href":"https:\/\/reinadetarot.cl\/index.php\/wp-json\/wp\/v2\/media?parent=3093"}],"wp:term":[{"taxonomy":"product_cat","embeddable":true,"href":"https:\/\/reinadetarot.cl\/index.php\/wp-json\/wp\/v2\/product_cat?post=3093"},{"taxonomy":"product_tag","embeddable":true,"href":"https:\/\/reinadetarot.cl\/index.php\/wp-json\/wp\/v2\/product_tag?post=3093"}],"curies":[{"name":"wp","href":"https:\/\/api.w.org\/{rel}","templated":true}]}}